{"id":5,"date":"2019-10-16T09:54:00","date_gmt":"2019-10-16T09:54:00","guid":{"rendered":"http:\/\/www.kledingbeurssgravenpolder.nl\/?page_id=5"},"modified":"2025-07-17T21:08:00","modified_gmt":"2025-07-17T20:08:00","slug":"welkom","status":"publish","type":"page","link":"https:\/\/www.gergemgoes.nl\/israel\/","title":{"rendered":"Welkom"},"content":{"rendered":"<p><img decoding=\"async\" loading=\"lazy\" class=\"alignnone size-medium wp-image-5920\" src=\"https:\/\/www.gergemgoes.nl\/israel\/wp-content\/uploads\/2025\/07\/dagtocht-4-283x400.jpg\" alt=\"\" width=\"283\" height=\"400\" srcset=\"https:\/\/www.gergemgoes.nl\/israel\/wp-content\/uploads\/2025\/07\/dagtocht-4-283x400.jpg 283w, https:\/\/www.gergemgoes.nl\/israel\/wp-content\/uploads\/2025\/07\/dagtocht-4-724x1024.jpg 724w, https:\/\/www.gergemgoes.nl\/israel\/wp-content\/uploads\/2025\/07\/dagtocht-4-768x1087.jpg 768w, https:\/\/www.gergemgoes.nl\/israel\/wp-content\/uploads\/2025\/07\/dagtocht-4-1086x1536.jpg 1086w, https:\/\/www.gergemgoes.nl\/israel\/wp-content\/uploads\/2025\/07\/dagtocht-4.jpg 1357w\" sizes=\"(max-width: 283px) 100vw, 283px\" \/><\/p>\n<p>&nbsp;<\/p>\n<p>&nbsp;<\/p>\n<p>Welkom op de site van de Isra\u00eblcommissie van Goes. Hier kunt u uw Isra\u00eblproducten bestellen. Met elke bestelling die u doet steunt u het werk onder het Joodse volk in Isra\u00ebl en Oost-Europa. Zoekt u een artikel en staat het er niet tussen? Neem gerust contact met ons op. Wij streven er naar dat de producten zo snel mogelijk voor u klaar staan. Wanneer zij niet voorradig zijn bij ons, kan het minimaal een week duren voor ze geleverd worden.<\/p>\n<p><strong>Er kan (nog) niet online besteld worden. Mocht u een product van de site willen bestellen, neem dan contact op met een van de leden van de Isra\u00eblcommissie of via israel@gergemgoes.nl<\/strong><\/p>\n<p>&nbsp;<\/p>\n<p>&nbsp;<\/p>\n<p>&nbsp;<\/p>\n<p>&nbsp;<\/p>\n<p>&nbsp;<\/p>\n<p>&nbsp;<\/p>\n<p>&nbsp;<\/p>\n<p>&nbsp;<\/p>\n<p>&nbsp;<\/p>\n<p>&nbsp;<\/p>\n<p style=\"text-align: left; padding-left: 40px;\">\n","protected":false},"excerpt":{"rendered":"<p>&nbsp; &nbsp; Welkom op de site van de Isra\u00eblcommissie van Goes. Hier kunt u uw Isra\u00eblproducten bestellen. Met elke bestelling die u doet steunt u het werk onder het Joodse volk in Isra\u00ebl en Oost-Europa. Zoekt u een artikel en staat het er niet tussen? Neem gerust contact met ons op. Wij streven er naar [&hellip;]<\/p>\n","protected":false},"author":1,"featured_media":0,"parent":0,"menu_order":0,"comment_status":"closed","ping_status":"closed","template":"","meta":[],"acf":[],"yoast_head":"<!-- This site is optimized with the Yoast SEO plugin v18.0 - https:\/\/yoast.com\/wordpress\/plugins\/seo\/ -->\n<meta name=\"robots\" content=\"index, follow, max-snippet:-1, max-image-preview:large, max-video-preview:-1\" \/>\n<link rel=\"canonical\" href=\"https:\/\/www.gergemgoes.nl\/israel\/\" \/>\n<meta property=\"og:locale\" content=\"nl_NL\" \/>\n<meta property=\"og:type\" content=\"article\" \/>\n<meta property=\"og:title\" content=\"Welkom - Isra\u00eblcommissie\" \/>\n<meta property=\"og:description\" content=\"&nbsp; &nbsp; Welkom op de site van de Isra\u00eblcommissie van Goes. Hier kunt u uw Isra\u00eblproducten bestellen. Met elke bestelling die u doet steunt u het werk onder het Joodse volk in Isra\u00ebl en Oost-Europa. Zoekt u een artikel en staat het er niet tussen? Neem gerust contact met ons op. Wij streven er naar [&hellip;]\" \/>\n<meta property=\"og:url\" content=\"https:\/\/www.gergemgoes.nl\/israel\/\" \/>\n<meta property=\"og:site_name\" content=\"Isra\u00eblcommissie\" \/>\n<meta property=\"article:modified_time\" content=\"2025-07-17T20:08:00+00:00\" \/>\n<meta property=\"og:image\" content=\"https:\/\/www.gergemgoes.nl\/israel\/wp-content\/uploads\/2025\/07\/dagtocht-4-283x400.jpg\" \/>\n<meta name=\"twitter:card\" content=\"summary_large_image\" \/>\n<meta name=\"twitter:label1\" content=\"Geschatte leestijd\" \/>\n\t<meta name=\"twitter:data1\" content=\"1 minuut\" \/>\n<script type=\"application\/ld+json\" class=\"yoast-schema-graph\">{\"@context\":\"https:\/\/schema.org\",\"@graph\":[{\"@type\":\"Organization\",\"@id\":\"https:\/\/www.gergemgoes.nl\/israel\/#organization\",\"name\":\"Kledingbeurs 's-Gravenpolder\",\"url\":\"https:\/\/www.gergemgoes.nl\/israel\/\",\"sameAs\":[],\"logo\":{\"@type\":\"ImageObject\",\"@id\":\"https:\/\/www.gergemgoes.nl\/israel\/#logo\",\"inLanguage\":\"nl-NL\",\"url\":\"\",\"contentUrl\":\"\",\"caption\":\"Kledingbeurs 's-Gravenpolder\"},\"image\":{\"@id\":\"https:\/\/www.gergemgoes.nl\/israel\/#logo\"}},{\"@type\":\"WebSite\",\"@id\":\"https:\/\/www.gergemgoes.nl\/israel\/#website\",\"url\":\"https:\/\/www.gergemgoes.nl\/israel\/\",\"name\":\"Isra\u00eblcommissie\",\"description\":\"\",\"publisher\":{\"@id\":\"https:\/\/www.gergemgoes.nl\/israel\/#organization\"},\"potentialAction\":[{\"@type\":\"SearchAction\",\"target\":{\"@type\":\"EntryPoint\",\"urlTemplate\":\"https:\/\/www.gergemgoes.nl\/israel\/?s={search_term_string}\"},\"query-input\":\"required name=search_term_string\"}],\"inLanguage\":\"nl-NL\"},{\"@type\":\"ImageObject\",\"@id\":\"https:\/\/www.gergemgoes.nl\/israel\/#primaryimage\",\"inLanguage\":\"nl-NL\",\"url\":\"https:\/\/www.gergemgoes.nl\/israel\/wp-content\/uploads\/2025\/07\/dagtocht-4.jpg\",\"contentUrl\":\"https:\/\/www.gergemgoes.nl\/israel\/wp-content\/uploads\/2025\/07\/dagtocht-4.jpg\",\"width\":1357,\"height\":1920},{\"@type\":\"WebPage\",\"@id\":\"https:\/\/www.gergemgoes.nl\/israel\/#webpage\",\"url\":\"https:\/\/www.gergemgoes.nl\/israel\/\",\"name\":\"Welkom - Isra\u00eblcommissie\",\"isPartOf\":{\"@id\":\"https:\/\/www.gergemgoes.nl\/israel\/#website\"},\"primaryImageOfPage\":{\"@id\":\"https:\/\/www.gergemgoes.nl\/israel\/#primaryimage\"},\"datePublished\":\"2019-10-16T09:54:00+00:00\",\"dateModified\":\"2025-07-17T20:08:00+00:00\",\"breadcrumb\":{\"@id\":\"https:\/\/www.gergemgoes.nl\/israel\/#breadcrumb\"},\"inLanguage\":\"nl-NL\",\"potentialAction\":[{\"@type\":\"ReadAction\",\"target\":[\"https:\/\/www.gergemgoes.nl\/israel\/\"]}]},{\"@type\":\"BreadcrumbList\",\"@id\":\"https:\/\/www.gergemgoes.nl\/israel\/#breadcrumb\",\"itemListElement\":[{\"@type\":\"ListItem\",\"position\":1,\"name\":\"\",\"item\":\"https:\/\/www.gergemgoes.nl\/israel\/\"},{\"@type\":\"ListItem\",\"position\":2,\"name\":\"Welkom\"}]}]}<\/script>\n<!-- \/ Yoast SEO plugin. -->","yoast_head_json":{"robots":{"index":"index","follow":"follow","max-snippet":"max-snippet:-1","max-image-preview":"max-image-preview:large","max-video-preview":"max-video-preview:-1"},"canonical":"https:\/\/www.gergemgoes.nl\/israel\/","og_locale":"nl_NL","og_type":"article","og_title":"Welkom - Isra\u00eblcommissie","og_description":"&nbsp; &nbsp; Welkom op de site van de Isra\u00eblcommissie van Goes. Hier kunt u uw Isra\u00eblproducten bestellen. Met elke bestelling die u doet steunt u het werk onder het Joodse volk in Isra\u00ebl en Oost-Europa. Zoekt u een artikel en staat het er niet tussen? Neem gerust contact met ons op. Wij streven er naar [&hellip;]","og_url":"https:\/\/www.gergemgoes.nl\/israel\/","og_site_name":"Isra\u00eblcommissie","article_modified_time":"2025-07-17T20:08:00+00:00","og_image":[{"url":"https:\/\/www.gergemgoes.nl\/israel\/wp-content\/uploads\/2025\/07\/dagtocht-4-283x400.jpg"}],"twitter_card":"summary_large_image","twitter_misc":{"Geschatte leestijd":"1 minuut"},"schema":{"@context":"https:\/\/schema.org","@graph":[{"@type":"Organization","@id":"https:\/\/www.gergemgoes.nl\/israel\/#organization","name":"Kledingbeurs 's-Gravenpolder","url":"https:\/\/www.gergemgoes.nl\/israel\/","sameAs":[],"logo":{"@type":"ImageObject","@id":"https:\/\/www.gergemgoes.nl\/israel\/#logo","inLanguage":"nl-NL","url":"","contentUrl":"","caption":"Kledingbeurs 's-Gravenpolder"},"image":{"@id":"https:\/\/www.gergemgoes.nl\/israel\/#logo"}},{"@type":"WebSite","@id":"https:\/\/www.gergemgoes.nl\/israel\/#website","url":"https:\/\/www.gergemgoes.nl\/israel\/","name":"Isra\u00eblcommissie","description":"","publisher":{"@id":"https:\/\/www.gergemgoes.nl\/israel\/#organization"},"potentialAction":[{"@type":"SearchAction","target":{"@type":"EntryPoint","urlTemplate":"https:\/\/www.gergemgoes.nl\/israel\/?s={search_term_string}"},"query-input":"required name=search_term_string"}],"inLanguage":"nl-NL"},{"@type":"ImageObject","@id":"https:\/\/www.gergemgoes.nl\/israel\/#primaryimage","inLanguage":"nl-NL","url":"https:\/\/www.gergemgoes.nl\/israel\/wp-content\/uploads\/2025\/07\/dagtocht-4.jpg","contentUrl":"https:\/\/www.gergemgoes.nl\/israel\/wp-content\/uploads\/2025\/07\/dagtocht-4.jpg","width":1357,"height":1920},{"@type":"WebPage","@id":"https:\/\/www.gergemgoes.nl\/israel\/#webpage","url":"https:\/\/www.gergemgoes.nl\/israel\/","name":"Welkom - Isra\u00eblcommissie","isPartOf":{"@id":"https:\/\/www.gergemgoes.nl\/israel\/#website"},"primaryImageOfPage":{"@id":"https:\/\/www.gergemgoes.nl\/israel\/#primaryimage"},"datePublished":"2019-10-16T09:54:00+00:00","dateModified":"2025-07-17T20:08:00+00:00","breadcrumb":{"@id":"https:\/\/www.gergemgoes.nl\/israel\/#breadcrumb"},"inLanguage":"nl-NL","potentialAction":[{"@type":"ReadAction","target":["https:\/\/www.gergemgoes.nl\/israel\/"]}]},{"@type":"BreadcrumbList","@id":"https:\/\/www.gergemgoes.nl\/israel\/#breadcrumb","itemListElement":[{"@type":"ListItem","position":1,"name":"","item":"https:\/\/www.gergemgoes.nl\/israel\/"},{"@type":"ListItem","position":2,"name":"Welkom"}]}]}},"_links":{"self":[{"href":"https:\/\/www.gergemgoes.nl\/israel\/wp-json\/wp\/v2\/pages\/5"}],"collection":[{"href":"https:\/\/www.gergemgoes.nl\/israel\/wp-json\/wp\/v2\/pages"}],"about":[{"href":"https:\/\/www.gergemgoes.nl\/israel\/wp-json\/wp\/v2\/types\/page"}],"author":[{"embeddable":true,"href":"https:\/\/www.gergemgoes.nl\/israel\/wp-json\/wp\/v2\/users\/1"}],"replies":[{"embeddable":true,"href":"https:\/\/www.gergemgoes.nl\/israel\/wp-json\/wp\/v2\/comments?post=5"}],"version-history":[{"count":22,"href":"https:\/\/www.gergemgoes.nl\/israel\/wp-json\/wp\/v2\/pages\/5\/revisions"}],"predecessor-version":[{"id":5921,"href":"https:\/\/www.gergemgoes.nl\/israel\/wp-json\/wp\/v2\/pages\/5\/revisions\/5921"}],"wp:attachment":[{"href":"https:\/\/www.gergemgoes.nl\/israel\/wp-json\/wp\/v2\/media?parent=5"}],"curies":[{"name":"wp","href":"https:\/\/api.w.org\/{rel}","templated":true}]}}